{"id":66,"date":"2021-01-18T12:28:55","date_gmt":"2021-01-18T12:28:55","guid":{"rendered":"https:\/\/entreprenad.fi\/?page_id=66"},"modified":"2026-01-03T14:50:43","modified_gmt":"2026-01-03T14:50:43","slug":"smamaskinsservice","status":"publish","type":"page","link":"https:\/\/swconfab.com\/?page_id=66&lang=sv","title":{"rendered":"Fastighetssk\u00f6tsel"},"content":{"rendered":"\n<p>Vi sk\u00f6ter er sommarstugas fastighetssk\u00f6tsel p\u00e5litligt och flexibelt. Detta erbjuder vi som en kontinuerlig tj\u00e4nst eller enligt behov.<br><br><strong>Ring eller l\u00e4gg ett meddelande.<\/strong><\/p>\n\n\n\n<p><a href=\"tel:040 819 3164\u202c\">040 819 3164\u202c<\/a><\/p>\n\n\n\n<figure class=\"wp-block-image size-large is-resized\"><a href=\"https:\/\/wa.me\/358408193164\"><img loading=\"lazy\" src=\"https:\/\/swconfab.com\/wp-content\/uploads\/2026\/01\/wa-logo.png\" alt=\"\" class=\"wp-image-244\" width=\"50\" height=\"50\" srcset=\"https:\/\/swconfab.com\/wp-content\/uploads\/2026\/01\/wa-logo.png 1022w, https:\/\/swconfab.com\/wp-content\/uploads\/2026\/01\/wa-logo-300x300.png 300w, https:\/\/swconfab.com\/wp-content\/uploads\/2026\/01\/wa-logo-150x150.png 150w, https:\/\/swconfab.com\/wp-content\/uploads\/2026\/01\/wa-logo-768x770.png 768w\" sizes=\"(max-width: 50px) 100vw, 50px\" \/><\/a><\/figure>\n","protected":false},"excerpt":{"rendered":"<p>Vi sk\u00f6ter er sommarstugas fastighetssk\u00f6tsel p\u00e5litligt och flexibelt. Detta erbjuder vi som en kontinuerlig tj\u00e4nst eller enligt behov. Ring eller l\u00e4gg ett meddelande. 040 819 3164\u202c<\/p>\n","protected":false},"author":1,"featured_media":74,"parent":0,"menu_order":0,"comment_status":"closed","ping_status":"closed","template":"","meta":{"ngg_post_thumbnail":0,"_ti_tpc_template_sync":false,"_ti_tpc_template_id":""},"_links":{"self":[{"href":"https:\/\/swconfab.com\/index.php?rest_route=\/wp\/v2\/pages\/66"}],"collection":[{"href":"https:\/\/swconfab.com\/index.php?rest_route=\/wp\/v2\/pages"}],"about":[{"href":"https:\/\/swconfab.com\/index.php?rest_route=\/wp\/v2\/types\/page"}],"author":[{"embeddable":true,"href":"https:\/\/swconfab.com\/index.php?rest_route=\/wp\/v2\/users\/1"}],"replies":[{"embeddable":true,"href":"https:\/\/swconfab.com\/index.php?rest_route=%2Fwp%2Fv2%2Fcomments&post=66"}],"version-history":[{"count":6,"href":"https:\/\/swconfab.com\/index.php?rest_route=\/wp\/v2\/pages\/66\/revisions"}],"predecessor-version":[{"id":258,"href":"https:\/\/swconfab.com\/index.php?rest_route=\/wp\/v2\/pages\/66\/revisions\/258"}],"wp:featuredmedia":[{"embeddable":true,"href":"https:\/\/swconfab.com\/index.php?rest_route=\/wp\/v2\/media\/74"}],"wp:attachment":[{"href":"https:\/\/swconfab.com\/index.php?rest_route=%2Fwp%2Fv2%2Fmedia&parent=66"}],"curies":[{"name":"wp","href":"https:\/\/api.w.org\/{rel}","templated":true}]}}