{"id":64,"date":"2021-01-18T12:28:13","date_gmt":"2021-01-18T12:28:13","guid":{"rendered":"https:\/\/entreprenad.fi\/?page_id=64"},"modified":"2026-01-03T14:50:38","modified_gmt":"2026-01-03T14:50:38","slug":"tradfallning-och-rojningsarbete","status":"publish","type":"page","link":"https:\/\/swconfab.com\/?page_id=64&lang=sv","title":{"rendered":"Tr\u00e4df\u00e4llning och r\u00f6jning"},"content":{"rendered":"\n<h2>Tr\u00e4df\u00e4llning, r\u00f6jning, g\u00e5rdssk\u00f6tsel och plogning.<\/h2>\n\n\n\n<p>Vi betj\u00e4nar snabbt och professionellt \u00e4ven i mera kr\u00e4vande situationer.<\/p>\n\n\n\n<p>Med v\u00e5r utrustning sk\u00f6ter vi allt fr\u00e5n f\u00e4llningar till stubbfr\u00e4sning. Med v\u00e5r fyrhjuling kommer vi \u00e4ven \u00e5t mera kr\u00e4vande platser.<\/p>\n\n\n\n<p><strong>Ring eller l\u00e4gg ett meddelande<\/strong><\/p>\n\n\n\n<p><a href=\"tel:040 819 3164\u202c\">040 819 3164\u202c<\/a><\/p>\n\n\n\n<figure class=\"wp-block-image size-large is-resized\"><a href=\"https:\/\/wa.me\/358408193164\"><img loading=\"lazy\" src=\"https:\/\/swconfab.com\/wp-content\/uploads\/2026\/01\/wa-logo.png\" alt=\"\" class=\"wp-image-244\" width=\"50\" height=\"50\" srcset=\"https:\/\/swconfab.com\/wp-content\/uploads\/2026\/01\/wa-logo.png 1022w, https:\/\/swconfab.com\/wp-content\/uploads\/2026\/01\/wa-logo-300x300.png 300w, https:\/\/swconfab.com\/wp-content\/uploads\/2026\/01\/wa-logo-150x150.png 150w, https:\/\/swconfab.com\/wp-content\/uploads\/2026\/01\/wa-logo-768x770.png 768w\" sizes=\"(max-width: 50px) 100vw, 50px\" \/><\/a><\/figure>\n\n\n\n<p><\/p>\n","protected":false},"excerpt":{"rendered":"<p>Tr\u00e4df\u00e4llning, r\u00f6jning, g\u00e5rdssk\u00f6tsel och plogning. Vi betj\u00e4nar snabbt och professionellt \u00e4ven i mera kr\u00e4vande situationer. Med v\u00e5r utrustning sk\u00f6ter vi allt fr\u00e5n f\u00e4llningar till stubbfr\u00e4sning. Med v\u00e5r fyrhjuling kommer vi \u00e4ven \u00e5t mera kr\u00e4vande platser. Ring eller l\u00e4gg ett meddelande 040 819 3164\u202c<\/p>\n","protected":false},"author":1,"featured_media":80,"parent":0,"menu_order":0,"comment_status":"closed","ping_status":"closed","template":"","meta":{"ngg_post_thumbnail":0,"_ti_tpc_template_sync":false,"_ti_tpc_template_id":""},"_links":{"self":[{"href":"https:\/\/swconfab.com\/index.php?rest_route=\/wp\/v2\/pages\/64"}],"collection":[{"href":"https:\/\/swconfab.com\/index.php?rest_route=\/wp\/v2\/pages"}],"about":[{"href":"https:\/\/swconfab.com\/index.php?rest_route=\/wp\/v2\/types\/page"}],"author":[{"embeddable":true,"href":"https:\/\/swconfab.com\/index.php?rest_route=\/wp\/v2\/users\/1"}],"replies":[{"embeddable":true,"href":"https:\/\/swconfab.com\/index.php?rest_route=%2Fwp%2Fv2%2Fcomments&post=64"}],"version-history":[{"count":7,"href":"https:\/\/swconfab.com\/index.php?rest_route=\/wp\/v2\/pages\/64\/revisions"}],"predecessor-version":[{"id":257,"href":"https:\/\/swconfab.com\/index.php?rest_route=\/wp\/v2\/pages\/64\/revisions\/257"}],"wp:featuredmedia":[{"embeddable":true,"href":"https:\/\/swconfab.com\/index.php?rest_route=\/wp\/v2\/media\/80"}],"wp:attachment":[{"href":"https:\/\/swconfab.com\/index.php?rest_route=%2Fwp%2Fv2%2Fmedia&parent=64"}],"curies":[{"name":"wp","href":"https:\/\/api.w.org\/{rel}","templated":true}]}}