{"id":125,"date":"2021-01-19T13:46:33","date_gmt":"2021-01-19T13:46:33","guid":{"rendered":"https:\/\/entreprenad.fi\/?page_id=125"},"modified":"2026-01-03T14:35:06","modified_gmt":"2026-01-03T14:35:06","slug":"puunkaato-raivaus","status":"publish","type":"page","link":"https:\/\/swconfab.com\/?page_id=125","title":{"rendered":"Puunkaato &#038; pihanhoito"},"content":{"rendered":"\n<h2>Puunkaato, raivaus, pihanhoito- ja lumity\u00f6t<\/h2>\n\n\n\n<p>Palvelemme ammattitaitoisesti ja nopeasti my\u00f6s vaativissa<br>tilanteissa.<\/p>\n\n\n\n<p>Kattavalla kalustolla hoidamme niin puiden kaadot kuin kantojen jyrsinn\u00e4n. M\u00f6nkij\u00e4ll\u00e4 p\u00e4\u00e4semme vaikeakulkuisiinkin kohteisiin.<br><\/p>\n\n\n\n<p>SOITA TAI LAITA VIESTI<\/p>\n\n\n\n<p><a href=\"tel:040819 3164\u202c\">040 819 3164\u202c<\/a><\/p>\n\n\n\n<figure class=\"wp-block-image size-large is-resized\"><a href=\"https:\/\/wa.me\/358408193164\"><img loading=\"lazy\" src=\"https:\/\/swconfab.com\/wp-content\/uploads\/2026\/01\/wa-logo.png\" alt=\"\" class=\"wp-image-244\" width=\"50\" height=\"50\" srcset=\"https:\/\/swconfab.com\/wp-content\/uploads\/2026\/01\/wa-logo.png 1022w, https:\/\/swconfab.com\/wp-content\/uploads\/2026\/01\/wa-logo-300x300.png 300w, https:\/\/swconfab.com\/wp-content\/uploads\/2026\/01\/wa-logo-150x150.png 150w, https:\/\/swconfab.com\/wp-content\/uploads\/2026\/01\/wa-logo-768x770.png 768w\" sizes=\"(max-width: 50px) 100vw, 50px\" \/><\/a><\/figure>\n","protected":false},"excerpt":{"rendered":"<p>Puunkaato, raivaus, pihanhoito- ja lumity\u00f6t Palvelemme ammattitaitoisesti ja nopeasti my\u00f6s vaativissatilanteissa. Kattavalla kalustolla hoidamme niin puiden kaadot kuin kantojen jyrsinn\u00e4n. M\u00f6nkij\u00e4ll\u00e4 p\u00e4\u00e4semme vaikeakulkuisiinkin kohteisiin. SOITA TAI LAITA VIESTI 040 819 3164\u202c<\/p>\n","protected":false},"author":1,"featured_media":140,"parent":0,"menu_order":0,"comment_status":"closed","ping_status":"closed","template":"","meta":{"ngg_post_thumbnail":0,"_ti_tpc_template_sync":false,"_ti_tpc_template_id":""},"_links":{"self":[{"href":"https:\/\/swconfab.com\/index.php?rest_route=\/wp\/v2\/pages\/125"}],"collection":[{"href":"https:\/\/swconfab.com\/index.php?rest_route=\/wp\/v2\/pages"}],"about":[{"href":"https:\/\/swconfab.com\/index.php?rest_route=\/wp\/v2\/types\/page"}],"author":[{"embeddable":true,"href":"https:\/\/swconfab.com\/index.php?rest_route=\/wp\/v2\/users\/1"}],"replies":[{"embeddable":true,"href":"https:\/\/swconfab.com\/index.php?rest_route=%2Fwp%2Fv2%2Fcomments&post=125"}],"version-history":[{"count":4,"href":"https:\/\/swconfab.com\/index.php?rest_route=\/wp\/v2\/pages\/125\/revisions"}],"predecessor-version":[{"id":251,"href":"https:\/\/swconfab.com\/index.php?rest_route=\/wp\/v2\/pages\/125\/revisions\/251"}],"wp:featuredmedia":[{"embeddable":true,"href":"https:\/\/swconfab.com\/index.php?rest_route=\/wp\/v2\/media\/140"}],"wp:attachment":[{"href":"https:\/\/swconfab.com\/index.php?rest_route=%2Fwp%2Fv2%2Fmedia&parent=125"}],"curies":[{"name":"wp","href":"https:\/\/api.w.org\/{rel}","templated":true}]}}